{"id":4542,"date":"2025-04-26T11:52:27","date_gmt":"2025-04-26T11:52:27","guid":{"rendered":"https:\/\/crewup.hr\/privacy-policy\/"},"modified":"2025-10-15T11:04:08","modified_gmt":"2025-10-15T11:04:08","slug":"privacy-policy","status":"publish","type":"page","link":"https:\/\/crewup.hr\/en\/privacy-policy\/","title":{"rendered":"Privacy Policy"},"content":{"rendered":"\t\t<div data-elementor-type=\"wp-page\" data-elementor-id=\"4542\" class=\"elementor elementor-4542 elementor-4025\">\n\t\t\t\t<div class=\"elementor-element elementor-element-dd94674 e-flex e-con-boxed e-con e-parent\" data-id=\"dd94674\" data-element_type=\"container\" data-e-type=\"container\">\n\t\t\t\t\t<div class=\"e-con-inner\">\n\t\t\t\t<div class=\"elementor-element elementor-element-7f23d72 elementor-widget elementor-widget-text-editor\" data-id=\"7f23d72\" data-element_type=\"widget\" data-e-type=\"widget\" data-widget_type=\"text-editor.default\">\n\t\t\t\t<div class=\"elementor-widget-container\">\n\t\t\t\t\t\t\t\t\t<h2 class=\"\" data-start=\"297\" data-end=\"318\">Data Controller<\/h2><p class=\"\" data-start=\"320\" data-end=\"410\">Crew Media d.o.o.<br data-start=\"337\" data-end=\"340\">\u0160i\u0161i\u0107eva ulica 13, 10000 Zagreb, Hrvatska<br data-start=\"381\" data-end=\"384\">Email: <a data-start=\"391\" data-end=\"410\" class=\"cursor-pointer\" rel=\"noopener\">crewup@crewmedia.hr<\/a><\/p><h2 class=\"\" data-start=\"417\" data-end=\"454\">Types of Data We Collect<\/h2><p class=\"\" data-start=\"456\" data-end=\"485\">We collect the following types of data<\/p><ul data-start=\"486\" data-end=\"835\"><li class=\"\" data-start=\"486\" data-end=\"501\"><p class=\"\" data-start=\"488\" data-end=\"501\">Full name<\/p><\/li><li class=\"\" data-start=\"502\" data-end=\"516\"><p class=\"\" data-start=\"504\" data-end=\"516\">Email address<\/p><\/li><li class=\"\" data-start=\"517\" data-end=\"531\"><p class=\"\" data-start=\"519\" data-end=\"531\">Contact number<\/p><\/li><li class=\"\" data-start=\"532\" data-end=\"601\"><p class=\"\" data-start=\"534\" data-end=\"601\">Company\/business name, address, and VAT ID (if you request an offer for a legal<br>entity)<\/p><\/li><li class=\"\" data-start=\"602\" data-end=\"694\"><p class=\"\" data-start=\"604\" data-end=\"694\">Information you provide in the contact form (package selection, number of videos,<br>additional notes)<\/p><\/li><li class=\"\" data-start=\"695\" data-end=\"777\"><p class=\"\" data-start=\"697\" data-end=\"777\">Technical data: IP address, browser type, browser language, access time<\/p><\/li><li class=\"\" data-start=\"778\" data-end=\"835\"><p class=\"\" data-start=\"780\" data-end=\"835\">Data collected through cookies and similar technologies<\/p><\/li><\/ul><h2 class=\"\" data-start=\"842\" data-end=\"869\">Purpose of Data Processing<\/h2><p class=\"\" data-start=\"871\" data-end=\"913\">We process your personal data in order to:<\/p><ul data-start=\"914\" data-end=\"1217\"><li class=\"\" data-start=\"914\" data-end=\"958\"><p class=\"\" data-start=\"916\" data-end=\"958\">Respond to your inquiry and prepare an offer<\/p><\/li><li class=\"\" data-start=\"959\" data-end=\"1005\"><p class=\"\" data-start=\"961\" data-end=\"1005\">Communicate regarding the requested services<\/p><\/li><li class=\"\" data-start=\"1006\" data-end=\"1056\"><p class=\"\" data-start=\"1008\" data-end=\"1056\">Fulfill legal obligations (e.g., issuing invoices)<\/p><\/li><li class=\"\" data-start=\"1057\" data-end=\"1109\"><p class=\"\" data-start=\"1059\" data-end=\"1109\">Improve the user experience on our website<\/p><\/li><li class=\"\" data-start=\"1110\" data-end=\"1217\"><p class=\"\" data-start=\"1112\" data-end=\"1217\">Display personalized ads via platforms such as Google and Facebook (if you have<br>given consent)<\/p><\/li><\/ul><h2 class=\"\" data-start=\"1224\" data-end=\"1250\">Legal Basis for Processing<\/h2><p class=\"\" data-start=\"1252\" data-end=\"1287\">We process your data based on:<\/p><ul data-start=\"1288\" data-end=\"1531\"><li class=\"\" data-start=\"1288\" data-end=\"1357\"><p class=\"\" data-start=\"1290\" data-end=\"1357\">Your consent (e.g., when submitting a contact form or accepting cookies)<\/p><\/li><li class=\"\" data-start=\"1358\" data-end=\"1402\"><p class=\"\" data-start=\"1360\" data-end=\"1402\">The performance of a contract (when ordering a service)<\/p><\/li><li class=\"\" data-start=\"1403\" data-end=\"1465\"><p class=\"\" data-start=\"1405\" data-end=\"1465\">Compliance with legal obligations (e.g., accounting regulations)<\/p><\/li><li class=\"\" data-start=\"1466\" data-end=\"1531\"><p class=\"\" data-start=\"1468\" data-end=\"1531\">Our legitimate interests (improving services and website functionality)<\/p><\/li><\/ul><h2 class=\"\" data-start=\"1538\" data-end=\"1575\">Cookies and Tracking Technologies<\/h2><p class=\"\" data-start=\"1577\" data-end=\"1611\">Our website uses cookies for:<\/p><ul data-start=\"1612\" data-end=\"1807\"><li class=\"\" data-start=\"1612\" data-end=\"1650\"><p class=\"\" data-start=\"1614\" data-end=\"1650\">Technical operation of the website<\/p><\/li><li class=\"\" data-start=\"1651\" data-end=\"1703\"><p class=\"\" data-start=\"1653\" data-end=\"1703\">Website usage analytics (Google Analytics)<\/p><\/li><li class=\"\" data-start=\"1704\" data-end=\"1807\"><p class=\"\" data-start=\"1706\" data-end=\"1807\">Displaying personalized ads (Facebook Pixel, Google Ads, TikTok Pixel), if you have<br>given consent<\/p><\/li><\/ul><p class=\"\" data-start=\"1809\" data-end=\"1879\">You can learn more in our <a href=\"https:\/\/crewup.hr\/en\/cookie-policy\/\">Politici kola\u010di\u0107a.<\/a><\/p><h2 class=\"\" data-start=\"1886\" data-end=\"1911\">Data Sharing<\/h2><p class=\"\" data-start=\"1913\" data-end=\"1944\">We may share your data with:<\/p><ul data-start=\"1945\" data-end=\"2190\"><li class=\"\" data-start=\"1945\" data-end=\"1988\"><p class=\"\" data-start=\"1947\" data-end=\"1988\">Providers of technical and hosting services<\/p><\/li><li class=\"\" data-start=\"1989\" data-end=\"2032\"><p class=\"\" data-start=\"1991\" data-end=\"2032\">Accounting and legal advisors<\/p><\/li><li class=\"\" data-start=\"2033\" data-end=\"2139\"><p class=\"\" data-start=\"2035\" data-end=\"2139\">Advertising platforms (e.g., Google, Facebook) \u2014 only if you have given consent for<br>marketing cookies<\/p><\/li><li class=\"\" data-start=\"2140\" data-end=\"2190\"><p class=\"\" data-start=\"2142\" data-end=\"2190\">Competent authorities when required by law<\/p><\/li><\/ul><p class=\"\" data-start=\"2192\" data-end=\"2252\">All our partners are contractually obligated to protect your data.<\/p><h2 class=\"\" data-start=\"2259\" data-end=\"2285\">Data Retention Period<\/h2><p class=\"\" data-start=\"2287\" data-end=\"2314\">We retain your personal data:<\/p><ul data-start=\"2315\" data-end=\"2464\"><li class=\"\" data-start=\"2315\" data-end=\"2362\"><p class=\"\" data-start=\"2317\" data-end=\"2362\">For as long as communication regarding your inquiry or order is ongoing<\/p><\/li><li class=\"\" data-start=\"2363\" data-end=\"2418\"><p class=\"\" data-start=\"2365\" data-end=\"2418\">As required by law <\/p><\/li><li class=\"\" data-start=\"2419\" data-end=\"2464\"><p class=\"\" data-start=\"2421\" data-end=\"2464\">Until you withdraw your consent (e.g., for marketing purposes)<\/p><\/li><\/ul><p class=\"\" data-start=\"2466\" data-end=\"2541\">After the retention period expires or consent is withdrawn, your data will be deleted or<br>anonymized.<\/p><h2 class=\"\" data-start=\"2548\" data-end=\"2564\">Your Rights<\/h2><p class=\"\" data-start=\"2566\" data-end=\"2578\">You have the right to:<\/p><ul data-start=\"2579\" data-end=\"2828\"><li class=\"\" data-start=\"2579\" data-end=\"2614\"><p class=\"\" data-start=\"2581\" data-end=\"2614\">Request access to your data<\/p><\/li><li class=\"\" data-start=\"2615\" data-end=\"2653\"><p class=\"\" data-start=\"2617\" data-end=\"2653\">Request correction of inaccurate data<\/p><\/li><li class=\"\" data-start=\"2654\" data-end=\"2704\"><p class=\"\" data-start=\"2656\" data-end=\"2704\">Request deletion of your data (\u201cright to be forgotten\u201d)<\/p><\/li><li class=\"\" data-start=\"2705\" data-end=\"2746\"><p class=\"\" data-start=\"2707\" data-end=\"2746\">Restrict or object to data processing<\/p><\/li><li class=\"\" data-start=\"2747\" data-end=\"2785\"><p class=\"\" data-start=\"2749\" data-end=\"2785\">Withdraw your consent at any time<\/p><\/li><li class=\"\" data-start=\"2786\" data-end=\"2828\"><p class=\"\" data-start=\"2788\" data-end=\"2828\">File a complaint with the supervisory authority (AZOP)<\/p><\/li><\/ul><p class=\"\" data-start=\"2830\" data-end=\"2949\">To exercise your rights, contact us at <a data-start=\"2880\" data-end=\"2899\" class=\"cursor-pointer\" rel=\"noopener\">crewup@crewmedia.hr.<\/a><br data-start=\"2902\" data-end=\"2905\">We will respond within 30 days at the latest.<\/p><h2 class=\"\" data-start=\"2956\" data-end=\"2980\">Data Security<\/h2><p class=\"\" data-start=\"2982\" data-end=\"3149\">We apply appropriate technical and organizational measures to protect personal data and<br>prevent unauthorized access, alteration, loss, or destruction.<\/p><h2 class=\"\" data-start=\"3156\" data-end=\"3192\">Changes to the Privacy Policy<\/h2><p class=\"\" data-start=\"3194\" data-end=\"3319\">Crew Media d.o.o. reserves the right to amend this Privacy Policy.<br>All changes will be published on this page with an updated date. <\/p>\t\t\t\t\t\t\t\t<\/div>\n\t\t\t\t<\/div>\n\t\t\t\t\t<\/div>\n\t\t\t\t<\/div>\n\t\t\t\t<\/div>\n\t\t","protected":false},"excerpt":{"rendered":"<p>Data Controller Crew Media d.o.o.\u0160i\u0161i\u0107eva ulica 13, 10000 Zagreb, HrvatskaEmail: crewup@crewmedia.hr Types of Data We Collect We collect the following types of data Full name Email address Contact number Company\/business name, address, and VAT ID (if you request an offer for a legalentity) Information you provide in the contact form (package selection, number of videos,additional [&hellip;]<\/p>\n","protected":false},"author":1,"featured_media":0,"parent":0,"menu_order":0,"comment_status":"closed","ping_status":"closed","template":"","meta":{"footnotes":""},"class_list":["post-4542","page","type-page","status-publish","hentry"],"_links":{"self":[{"href":"https:\/\/crewup.hr\/en\/wp-json\/wp\/v2\/pages\/4542","targetHints":{"allow":["GET"]}}],"collection":[{"href":"https:\/\/crewup.hr\/en\/wp-json\/wp\/v2\/pages"}],"about":[{"href":"https:\/\/crewup.hr\/en\/wp-json\/wp\/v2\/types\/page"}],"author":[{"embeddable":true,"href":"https:\/\/crewup.hr\/en\/wp-json\/wp\/v2\/users\/1"}],"replies":[{"embeddable":true,"href":"https:\/\/crewup.hr\/en\/wp-json\/wp\/v2\/comments?post=4542"}],"version-history":[{"count":1,"href":"https:\/\/crewup.hr\/en\/wp-json\/wp\/v2\/pages\/4542\/revisions"}],"predecessor-version":[{"id":4543,"href":"https:\/\/crewup.hr\/en\/wp-json\/wp\/v2\/pages\/4542\/revisions\/4543"}],"wp:attachment":[{"href":"https:\/\/crewup.hr\/en\/wp-json\/wp\/v2\/media?parent=4542"}],"curies":[{"name":"wp","href":"https:\/\/api.w.org\/{rel}","templated":true}]}}