{"id":4561,"date":"2025-04-26T11:55:05","date_gmt":"2025-04-26T11:55:05","guid":{"rendered":"https:\/\/crewup.hr\/terms-of-use\/"},"modified":"2025-10-15T11:04:53","modified_gmt":"2025-10-15T11:04:53","slug":"terms-of-use","status":"publish","type":"page","link":"https:\/\/crewup.hr\/en\/terms-of-use\/","title":{"rendered":"Terms of Use"},"content":{"rendered":"\t\t<div data-elementor-type=\"wp-page\" data-elementor-id=\"4561\" class=\"elementor elementor-4561 elementor-4031\">\n\t\t\t\t<div class=\"elementor-element elementor-element-02c6d4c e-flex e-con-boxed e-con e-parent\" data-id=\"02c6d4c\" data-element_type=\"container\" data-e-type=\"container\">\n\t\t\t\t\t<div class=\"e-con-inner\">\n\t\t\t\t<div class=\"elementor-element elementor-element-b2a2f64 elementor-widget elementor-widget-text-editor\" data-id=\"b2a2f64\" data-element_type=\"widget\" data-e-type=\"widget\" data-widget_type=\"text-editor.default\">\n\t\t\t\t<div class=\"elementor-widget-container\">\n\t\t\t\t\t\t\t\t\t<h2 class=\"\" data-start=\"477\" data-end=\"491\">General<\/h2><p class=\"\" data-start=\"493\" data-end=\"693\">Welcome to the Crew Up website (owned by Crew Media d.o.o.). By using this website, you<br data-start=\"620\" data-end=\"623\">agree to these Terms of Use.<br>If you do not agree with the Terms, please do not use this website. <\/p><h2 data-start=\"700\" data-end=\"717\"> <\/h2><h2 class=\"\" data-start=\"700\" data-end=\"717\">Description of Service<\/h2><p class=\"\" data-start=\"719\" data-end=\"942\">81181181481494494410581058Kona\u010dna cijena i uvjeti pru\u017eanja usluge definiraju se ponudom dostavljenom putem e-maila nakon zaprimljenog upita.The final price and service conditions are defined in the offer sent via email after receiving<br>your inquiry.106510651095109510651065109510953. Intelektualno vlasni\u0161tvoIntellectual Property1097109712451245Sva prava na sadr\u017eaju ove stranice (tekstovi, grafike, logotipi, slike) pripadaju Crew Media d.o.o. ili tre\u0107im stranama koje su odobrile kori\u0161tenje.All rights to the content on this website (texts, graphics, logos, images) belong to Crew<br>Media d.o.o. or third parties who have authorized its use.1247124713691369Nije dopu\u0161teno kopirati, preuzimati, mijenjati ili distribuirati sadr\u017eaj stranice bez na\u0161eg prethodnog pisanog dopu\u0161tenja.Copying, downloading, modifying, or distributing website content without our prior written<br>consent is not permitted.137613761393139313761376139313934. OdgovornostLiability1395139515481548Crew Media d.o.o. nastoji osigurati to\u010dnost i a\u017eurnost informacija na stranici, ali ne jam\u010di potpunu to\u010dnost, potpunost ili dostupnost u svakom trenutku.Crew Media d.o.o. strives to ensure the accuracy and timeliness of information on this<br>website but does not guarantee its completeness, accuracy, or availability at all times.1550155016981698Crew Up nije odgovoran za eventualne tehni\u010dke pote\u0161ko\u0107e, gre\u0161ke u radu stranice, gubitak podataka ili bilo kakvu \u0161tetu nastalu kori\u0161tenjem stranice.Crew Up is not responsible for any technical difficulties, website malfunctions, data loss, or<br>any damage resulting from the use of this website.170517051728172817051705172817285. Vanjske povezniceExternal Links1730173018691869Na\u0161a stranica mo\u017ee sadr\u017eavati poveznice na stranice tre\u0107ih strana. Crew Up nije odgovoran za sadr\u017eaj ili politiku privatnosti tih stranica.Our website may contain links to third-party websites. Crew Up is not responsible for the<br>content or privacy policies of those websites.1871187119581958Kori\u0161tenjem poveznica korisnik napu\u0161ta na\u0161u stranicu i \u010dini to na vlastitu odgovornost.By using such links, the user leaves our website and does so at their own risk.196519651990199019651965199019906. Za\u0161tita privatnostiPrivacy Protection1992199221872187Prikupljanje i obrada osobnih podataka regulirani su u skladu s va\u017ee\u0107im propisima i detaljno opisani u na\u0161oj <a data-start=\"2101\" data-end=\"2145\" class=\"\" rel=\"noopener\" href=\"https:\/\/crewup.hr\/pravila-privatnosti\/\">Politici privatnosti<\/a> i <a data-start=\"2148\" data-end=\"2186\" class=\"cursor-pointer\" rel=\"noopener\" href=\"https:\/\/crewup.hr\/en\/cookie-policy\/\">Politici kola\u010di\u0107a<\/a>.The collection and processing of personal data are carried out in accordance with applicable<br>regulations and are described in detail in our <a data-start=\"2101\" data-end=\"2145\" class=\"\" rel=\"noopener\" href=\"https:\/\/crewup.hr\/pravila-privatnosti\/\">Privacy Policy<\/a> and <a data-start=\"2148\" data-end=\"2186\" class=\"cursor-pointer\" rel=\"noopener\" href=\"https:\/\/crewup.hr\/en\/cookie-policy\/\">Cookie Policy<\/a>.\/pravila-privatnosti\/pravila-privatnostihttps:\/\/crewup.hr\/kolacici-2\/https:\/\/crewup.hr\/kolacici-2\/2101210121452145noopenernoopener2148214821862186noopenernoopener219421942214221421942194221422147. Izmjene uvjetaChanges to the Terms2216221624012401Crew Up zadr\u017eava pravo izmjene ovih Uvjeta kori\u0161tenja u bilo kojem trenutku.<br data-start=\"2292\" data-end=\"2295\">Sve izmjene bit \u0107e pravodobno objavljene na ovoj stranici.<br data-start=\"2353\" data-end=\"2356\">Preporu\u010dujemo povremeno provjeravanje uvjeta.Crew Up reserves the right to amend these Terms of Use at any time.<br data-start=\"2292\" data-end=\"2295\">All changes will be promptly published on this page.<br data-start=\"2353\" data-end=\"2356\">We recommend checking the Terms periodically.22922292229522952353235323562356240824082430243024082408243024308. Mjerodavno pravoGoverning Law2432243225982598Za sve pravne odnose koji proizlaze iz kori\u0161tenja ove stranice primjenjuju se propisi Republike Hrvatske.<br data-start=\"2537\" data-end=\"2540\">Za sve sporove nadle\u017ean je stvarno nadle\u017eni sud u Zagrebu.All legal relationships arising from the use of this website are governed by the laws of the<br data-start=\"2537\" data-end=\"2540\">Republic of Croatia.<br>Any disputes shall be subject to the competent court in Zagreb.2537253725402540<\/p><p class=\"\" data-start=\"944\" data-end=\"1058\">The final price and service conditions are defined in the offer sent via email after receiving<br>your inquiry.<\/p><h2 data-start=\"1065\" data-end=\"1095\"> <\/h2><h2 class=\"\" data-start=\"1065\" data-end=\"1095\">Intellectual Property<\/h2><p class=\"\" data-start=\"1097\" data-end=\"1245\">All rights to the content on this website (texts, graphics, logos, images) belong to Crew<br>Media d.o.o. or third parties who have authorized its use.<\/p><p class=\"\" data-start=\"1247\" data-end=\"1369\">Copying, downloading, modifying, or distributing website content without our prior written<br>consent is not permitted.<\/p><h2 data-start=\"1376\" data-end=\"1393\"> <\/h2><h2 class=\"\" data-start=\"1376\" data-end=\"1393\">Liability<\/h2><p class=\"\" data-start=\"1395\" data-end=\"1548\">Crew Media d.o.o. strives to ensure the accuracy and timeliness of information on this<br>website but does not guarantee its completeness, accuracy, or availability at all times.<\/p><p class=\"\" data-start=\"1550\" data-end=\"1698\">Crew Up is not responsible for any technical difficulties, website malfunctions, data loss, or<br>any damage resulting from the use of this website.<\/p><h2 data-start=\"1705\" data-end=\"1728\"> <\/h2><h2 class=\"\" data-start=\"1705\" data-end=\"1728\">External Links<\/h2><p class=\"\" data-start=\"1730\" data-end=\"1869\">Our website may contain links to third-party websites. Crew Up is not responsible for the<br>content or privacy policies of those websites. <\/p><p class=\"\" data-start=\"1871\" data-end=\"1958\">By using such links, the user leaves our website and does so at their own risk.<\/p><h2 data-start=\"1965\" data-end=\"1990\"> <\/h2><h2 class=\"\" data-start=\"1965\" data-end=\"1990\">Privacy Protection<\/h2><p class=\"\" data-start=\"1992\" data-end=\"2187\">The collection and processing of personal data are carried out in accordance with applicable<br>regulations and are described in detail in our <a data-start=\"2101\" data-end=\"2145\" class=\"\" rel=\"noopener\" href=\"https:\/\/crewup.hr\/pravila-privatnosti\/\">Privacy Policy<\/a> and <a data-start=\"2148\" data-end=\"2186\" class=\"cursor-pointer\" rel=\"noopener\" href=\"https:\/\/crewup.hr\/en\/cookie-policy\/\">Cookie Policy<\/a>.<\/p><h2 data-start=\"2194\" data-end=\"2214\"> <\/h2><h2 class=\"\" data-start=\"2194\" data-end=\"2214\">Changes to the Terms<\/h2><p class=\"\" data-start=\"2216\" data-end=\"2401\">Crew Up reserves the right to amend these Terms of Use at any time.<br data-start=\"2292\" data-end=\"2295\">All changes will be promptly published on this page.<br data-start=\"2353\" data-end=\"2356\">We recommend checking the Terms periodically.<\/p><h2 data-start=\"2408\" data-end=\"2430\"> <\/h2><h2 class=\"\" data-start=\"2408\" data-end=\"2430\">Governing Law<\/h2><p class=\"\" data-start=\"2432\" data-end=\"2598\">All legal relationships arising from the use of this website are governed by the laws of the<br data-start=\"2537\" data-end=\"2540\">Republic of Croatia.<br>Any disputes shall be subject to the competent court in Zagreb.<\/p>\t\t\t\t\t\t\t\t<\/div>\n\t\t\t\t<\/div>\n\t\t\t\t\t<\/div>\n\t\t\t\t<\/div>\n\t\t\t\t<\/div>\n\t\t","protected":false},"excerpt":{"rendered":"<p>General Welcome to the Crew Up website (owned by Crew Media d.o.o.). By using this website, youagree to these Terms of Use.If you do not agree with the Terms, please do not use this website. Description of Service 81181181481494494410581058Kona\u010dna cijena i uvjeti pru\u017eanja usluge definiraju se ponudom dostavljenom putem e-maila nakon zaprimljenog upita.The final price [&hellip;]<\/p>\n","protected":false},"author":1,"featured_media":0,"parent":0,"menu_order":0,"comment_status":"closed","ping_status":"closed","template":"","meta":{"footnotes":""},"class_list":["post-4561","page","type-page","status-publish","hentry"],"_links":{"self":[{"href":"https:\/\/crewup.hr\/en\/wp-json\/wp\/v2\/pages\/4561","targetHints":{"allow":["GET"]}}],"collection":[{"href":"https:\/\/crewup.hr\/en\/wp-json\/wp\/v2\/pages"}],"about":[{"href":"https:\/\/crewup.hr\/en\/wp-json\/wp\/v2\/types\/page"}],"author":[{"embeddable":true,"href":"https:\/\/crewup.hr\/en\/wp-json\/wp\/v2\/users\/1"}],"replies":[{"embeddable":true,"href":"https:\/\/crewup.hr\/en\/wp-json\/wp\/v2\/comments?post=4561"}],"version-history":[{"count":1,"href":"https:\/\/crewup.hr\/en\/wp-json\/wp\/v2\/pages\/4561\/revisions"}],"predecessor-version":[{"id":4562,"href":"https:\/\/crewup.hr\/en\/wp-json\/wp\/v2\/pages\/4561\/revisions\/4562"}],"wp:attachment":[{"href":"https:\/\/crewup.hr\/en\/wp-json\/wp\/v2\/media?parent=4561"}],"curies":[{"name":"wp","href":"https:\/\/api.w.org\/{rel}","templated":true}]}}